{"id":8642,"date":"2021-05-22T10:33:08","date_gmt":"2021-05-22T10:33:08","guid":{"rendered":"https:\/\/ino.e7f.myftpupload.com\/?page_id=8642"},"modified":"2023-01-11T22:40:25","modified_gmt":"2023-01-11T19:40:25","slug":"funda-gorgulu-ergenc","status":"publish","type":"page","link":"https:\/\/www.solmazlaw.com\/en\/funda-gorgulu-ergenc\/","title":{"rendered":"Funda G\u00f6rg\u00fcl\u00fc Ergen\u00e7"},"content":{"rendered":"<section class=\"wpb-content-wrapper\"><style type=\"text\/css\" data-type=\"vc_cmsms_shortcodes-custom-css\"><\/style>[vc_row css=&#8221;.vc_custom_1523972564928{padding-top: 70px !important;padding-bottom: 10px !important;}&#8221;][vc_column css=&#8221;.vc_custom_1523972438973{margin-bottom: 0px !important;}&#8221;][vc_custom_heading text=&#8221;Funda G\u00f6rg\u00fcl\u00fc Ergen\u00e7&#8221; font_container=&#8221;tag:h1|text_align:left&#8221; use_theme_fonts=&#8221;yes&#8221; css=&#8221;.vc_custom_1640001455289{margin-bottom: 0px !important;padding-bottom: 0px !important;}&#8221;][vc_custom_heading text=&#8221;Attorney at Law&#8221; font_container=&#8221;tag:h2|font_size:14|text_align:left|color:%23c93126&#8243; use_theme_fonts=&#8221;yes&#8221; css=&#8221;.vc_custom_1639657958399{margin-top: 0px !important;margin-bottom: 0px !important;padding-bottom: 0px !important;}&#8221;][\/vc_column][\/vc_row][vc_row gap=&#8221;35&#8243; css=&#8221;.vc_custom_1523976294937{margin-top: 0px !important;padding-top: 0px !important;padding-bottom: 30px !important;}&#8221;][vc_column width=&#8221;2\/3&#8243; css=&#8221;.vc_custom_1523972492860{margin-top: 0px !important;padding-top: 0px !important;}&#8221;][vc_single_image image=&#8221;9506&#8243; img_size=&#8221;full&#8221;][vc_column_text]<strong>Areas Of Expertise<\/strong><\/p>\n<ul>\n<li>Administrative and Tax Law<\/li>\n<li>Commercial &amp;Corpotate Law<\/li>\n<li>Compensation Law<\/li>\n<li>Family&amp;Inheritence Law<\/li>\n<li>Foreign Investment Law<\/li>\n<li>Procurement Law<\/li>\n<li>Labor Law<\/li>\n<li>Insurance Law<\/li>\n<li>Intelectual and Industrial Rights Law<\/li>\n<li>Competition Law<\/li>\n<li>IT Law<\/li>\n<li>Personal Data Protection Law<\/li>\n<li>Real Estate Law<\/li>\n<li>Human Rights Law<\/li>\n<li>Litigation and Disputes<\/li>\n<\/ul>\n<p><strong>Education<\/strong><\/p>\n<ul>\n<li>Gazi University Faculty of Law (2012-2016)<\/li>\n<li>Kocaeli University Public Law Graduate Program (2018-2021)<\/li>\n<\/ul>\n<p><strong>Trainings And Certificates<\/strong><\/p>\n<ul>\n<li>IESKO 2019(International Earthquake Symposium) (Speaker-Legal Problems of Urban Transformation)<\/li>\n<li>\u0130stanbul Bar Association, Criminal Procedure Education<\/li>\n<li>Forensic Informatics Applications and Legal Process-Panel<\/li>\n<li>Eski\u015fehir Bar Association, State of Emergency, Decree Laws and Constitutional Amendments Panel<\/li>\n<li>Turkey Bar Association, Crypto Assets and Information Crimes Training<\/li>\n<li>\u0130stanbul Bar Association, Personal Data Protection Law and Application Panel<\/li>\n<li>\u0130stanbul Bar Association, Foreign Trade, Protection of Personal Data, Technological Developments and Law Panel<\/li>\n<li>Artificial intelligence transforming the law seminar, Kocaeli<\/li>\n<li>Kocaeli Bar Association, Contract Preparation and Review Techniques Training<\/li>\n<\/ul>\n<p><strong>Language<\/strong><\/p>\n<ul>\n<li>Turkish and English<\/li>\n<\/ul>\n[\/vc_column_text][\/vc_column][vc_column width=&#8221;1\/3&#8243; css=&#8221;.vc_custom_1484053228560{padding-left: 20px !important;}&#8221;][vc_row_inner css=&#8221;.vc_custom_1523976524088{border-top-width: 1px !important;border-right-width: 1px !important;border-bottom-width: 1px !important;border-left-width: 1px !important;border-left-color: #e0e0e0 !important;border-left-style: solid !important;border-right-color: #e0e0e0 !important;border-right-style: solid !important;border-top-color: #e0e0e0 !important;border-top-style: solid !important;border-bottom-color: #e0e0e0 !important;border-bottom-style: solid !important;}&#8221;][vc_column_inner css=&#8221;.vc_custom_1524032408983{border-top-width: 1px !important;border-right-width: 1px !important;border-bottom-width: 1px !important;border-left-width: 1px !important;padding-top: 40px !important;padding-right: 28px !important;padding-bottom: 0px !important;padding-left: 32px !important;}&#8221;][vc_custom_heading text=&#8221;Contact Info&#8221; font_container=&#8221;tag:h3|text_align:left&#8221; use_theme_fonts=&#8221;yes&#8221; css=&#8221;.vc_custom_1640001446314{margin-bottom: 5px !important;padding-bottom: 0px !important;}&#8221;][vc_custom_heading text=&#8221;Contact&#8221; font_container=&#8221;tag:h3|font_size:14|text_align:left&#8221; use_theme_fonts=&#8221;yes&#8221; link=&#8221;url:https%3A%2F%2Fwww.solmazlaw.com%2Filetisim%2F|||&#8221;][vc_column_text css=&#8221;.vc_custom_1534935314656{margin-bottom: 20px !important;padding-bottom: 0px !important;}&#8221;]Working as a lawyer involves practical application of abstract legal theories and knowledge to solve specific individualized problems.[\/vc_column_text][vc_widget_sidebar sidebar_id=&#8221;contacts&#8221;][vc_single_image image=&#8221;11145&#8243;][\/vc_column_inner][\/vc_row_inner][\/vc_column][\/vc_row]\n<\/section>","protected":false},"excerpt":{"rendered":"<p>[vc_row css=&#8221;.vc_custom_1523972564928{padding-top: 70px !important;padding-bottom: 10px !important;}&#8221;][vc_column css=&#8221;.vc_custom_1523972438973{margin-bottom: 0px !important;}&#8221;][vc_custom_heading text=&#8221;Funda G\u00f6rg\u00fcl\u00fc Ergen\u00e7&#8221; font_container=&#8221;tag:h1|text_align:left&#8221; use_theme_fonts=&#8221;yes&#8221; css=&#8221;.vc_custom_1640001455289{margin-bottom: 0px !important;padding-bottom: 0px !important;}&#8221;][vc_custom_heading text=&#8221;Attorney at Law&#8221; font_container=&#8221;tag:h2|font_size:14|text_align:left|color:%23c93126&#8243; use_theme_fonts=&#8221;yes&#8221; css=&#8221;.vc_custom_1639657958399{margin-top: 0px !important;margin-bottom: 0px !important;padding-bottom: 0px !important;}&#8221;][\/vc_column][\/vc_row][vc_row gap=&#8221;35&#8243; css=&#8221;.vc_custom_1523976294937{margin-top: 0px !important;padding-top: 0px !important;padding-bottom: 30px !important;}&#8221;][vc_column width=&#8221;2\/3&#8243; css=&#8221;.vc_custom_1523972492860{margin-top: 0px !important;padding-top: 0px !important;}&#8221;][vc_single_image image=&#8221;9506&#8243; img_size=&#8221;full&#8221;][vc_column_text]Areas Of Expertise Administrative and Tax Law Commercial &amp;Corpotate&#8230;<\/p>\n","protected":false},"author":1,"featured_media":0,"parent":0,"menu_order":0,"comment_status":"closed","ping_status":"closed","template":"","meta":{"_coblocks_attr":"","_coblocks_dimensions":"","_coblocks_responsive_height":"","_coblocks_accordion_ie_support":"","footnotes":""},"class_list":["post-8642","page","type-page","status-publish","hentry"],"_links":{"self":[{"href":"https:\/\/www.solmazlaw.com\/en\/wp-json\/wp\/v2\/pages\/8642","targetHints":{"allow":["GET"]}}],"collection":[{"href":"https:\/\/www.solmazlaw.com\/en\/wp-json\/wp\/v2\/pages"}],"about":[{"href":"https:\/\/www.solmazlaw.com\/en\/wp-json\/wp\/v2\/types\/page"}],"author":[{"embeddable":true,"href":"https:\/\/www.solmazlaw.com\/en\/wp-json\/wp\/v2\/users\/1"}],"replies":[{"embeddable":true,"href":"https:\/\/www.solmazlaw.com\/en\/wp-json\/wp\/v2\/comments?post=8642"}],"version-history":[{"count":0,"href":"https:\/\/www.solmazlaw.com\/en\/wp-json\/wp\/v2\/pages\/8642\/revisions"}],"wp:attachment":[{"href":"https:\/\/www.solmazlaw.com\/en\/wp-json\/wp\/v2\/media?parent=8642"}],"curies":[{"name":"wp","href":"https:\/\/api.w.org\/{rel}","templated":true}]}}