{"id":8617,"date":"2021-05-12T13:56:32","date_gmt":"2021-05-12T13:56:32","guid":{"rendered":"https:\/\/ino.e7f.myftpupload.com\/?page_id=8617"},"modified":"2023-01-02T12:54:39","modified_gmt":"2023-01-02T09:54:39","slug":"attorneys","status":"publish","type":"page","link":"https:\/\/www.solmazlaw.com\/en\/attorneys\/","title":{"rendered":"Attorneys"},"content":{"rendered":"<section class=\"wpb-content-wrapper\"><style type=\"text\/css\" data-type=\"vc_cmsms_shortcodes-custom-css\"><\/style>[vc_row full_width=&#8221;stretch_row&#8221; parallax=&#8221;content-moving&#8221; parallax_image=&#8221;9131&#8243; css_animation=&#8221;none&#8221; parallax_content=&#8221;off&#8221; fadeout_row=&#8221;fadeout_row_value&#8221; fadeout_start_effect=&#8221;70&#8243; enable_overlay=&#8221;enable_overlay_value&#8221; overlay_color=&#8221;rgba(17,17,17,0.78)&#8221; seperator_enable=&#8221;off&#8221; css=&#8221;.vc_custom_1623521935386{margin-bottom: 0px !important;}&#8221;][vc_column][cmsms_icon_box icon=&#8221;Theme-Default-Icons-business-law&#8221; icon_position=&#8221;box_top_center&#8221; uniqid=&#8221;cmsms_shcd_5b471e338984a5_83353092&#8243; box_settings=&#8221;true&#8221; icon_size=&#8221;68&#8243; icon_padding=&#8221;10&#8243; icon_border=&#8221;0&#8243; icon_gap=&#8221;0&#8243; icon_color=&#8221;#ffffff&#8221; icon_bg_color=&#8221;rgba(10,10,10,0.01)&#8221; icon_bd_color=&#8221;rgba(10,10,10,0.01)&#8221; box_bg_color=&#8221;rgba(255,255,255,0.01)&#8221; box_bd_color=&#8221;rgba(0,0,0,0.01)&#8221; css=&#8221;.vc_custom_1531387451820{margin-top: 70px !important;margin-bottom: -5px !important;}&#8221;][vc_custom_heading text=&#8221;Qualified Legal Advisors&#8221; font_container=&#8221;tag:h1|text_align:center|color:%23ffffff&#8221; google_fonts=&#8221;font_family:Adamina%3Aregular|font_style:400%20regular%3A400%3Anormal&#8221;][vc_custom_heading text=&#8221;Attorney Team&#8221; font_container=&#8221;tag:h2|font_size:56|text_align:center|color:%23ffffff|line_height:74px&#8221; google_fonts=&#8221;font_family:Adamina%3Aregular|font_style:400%20regular%3A400%3Anormal&#8221; css=&#8221;.vc_custom_1519640258318{margin-top: 35px !important;margin-bottom: 48px !important;}&#8221;][vc_custom_heading text=&#8221;Civil rights law deals with the protections and<br \/>\nliberties enjoyed by the American people.&#8221; font_container=&#8221;tag:p|font_size:16|text_align:center|color:rgba(255%2C255%2C255%2C0.85)&#8221; use_theme_fonts=&#8221;yes&#8221; css=&#8221;.vc_custom_1525959501312{margin-top: -20px !important;margin-bottom: 110px !important;}&#8221;][\/vc_column][\/vc_row][vc_row css=&#8221;.vc_custom_1524144864864{margin-bottom: 40px !important;padding-top: 30px !important;padding-bottom: 0px !important;}&#8221;][vc_column css=&#8221;.vc_custom_1524145264695{margin-top: 35px !important;margin-bottom: 0px !important;border-right-width: 15px !important;padding-top: 40px !important;padding-right: 40px !important;padding-bottom: 40px !important;padding-left: 30px !important;background-image: url(http:\/\/www.solmazlaw.com\/wp-content\/uploads\/2016\/12\/home-element-1-2.jpg?id=3644) !important;border-right-color: #ffffff !important;border-right-style: solid !important;}&#8221; offset=&#8221;vc_col-lg-3 vc_col-md-12&#8243;][vc_custom_heading text=&#8221;Practice Areas&#8221; font_container=&#8221;tag:h2|text_align:left|color:%23ffffff|line_height:34px&#8221; use_theme_fonts=&#8221;yes&#8221;][vc_custom_heading text=&#8221;&#8221; font_container=&#8221;tag:p|text_align:left|color:rgba(255%2C255%2C255%2C0.8)&#8221; use_theme_fonts=&#8221;yes&#8221;][cmsms_button text=&#8221;PRACTICE AREAS&#8221; style=&#8221;custom&#8221; icon_alignment=&#8221;right&#8221; uniqid=&#8221;cmsms_shcd_6106a2c5b79480_80751450&#8243; text_settings=&#8221;true&#8221; add_icon=&#8221;true&#8221; text_font_size=&#8221;12&#8243; icon=&#8221;Theme-Default-Icons-arrow-small-right&#8221; icon_size=&#8221;20&#8243; button_padding=&#8221;0px&#8221; button_color=&#8221;#ffffff&#8221; button_bg_color=&#8221;rgba(221,51,51,0.01)&#8221; button_bd_color=&#8221;rgba(221,51,51,0.01)&#8221; button_color_hover=&#8221;rgba(255,255,255,0.75)&#8221; button_bg_color_hover=&#8221;rgba(221,51,51,0.01)&#8221; button_bd_color_hover=&#8221;rgba(221,51,51,0.01)&#8221; link=&#8221;url:https%3A%2F%2Fwww.solmazlaw.com%2Fen%2Fpractice-areas%2F|title:Practice%20Areas||&#8221;][\/vc_column][vc_column width=&#8221;1\/3&#8243; css=&#8221;.vc_custom_1524144979781{margin-top: 0px !important;margin-bottom: 0px !important;}&#8221; offset=&#8221;vc_col-lg-3&#8243;][cmsms_profile uniqid=&#8221;cmsms_shcd_611bfcaf895726_45840647&#8243; image=&#8221;9035&#8243; title=&#8221;Burcu Solmaz&#8221; subtitle=&#8221;Attorney at Law, LL.M&#8221; icons=&#8221;%5B%7B%7D%5D&#8221; text=&#8221;She has an academic background in Commercial Law and is successful and experienced especially in the fields of Corporate Law, Land and Maritime Trade Law, Commercial Business Law, Labor Law and Real Estate Law.&#8221; link=&#8221;url:https%3A%2F%2Fwww.solmazlaw.com%2Fen%2Fburcu-solmaz%2F|title:Burcu%20Solmaz||&#8221;][\/vc_column][vc_column width=&#8221;1\/3&#8243; css=&#8221;.vc_custom_1524144545698{margin-top: 0px !important;}&#8221; offset=&#8221;vc_col-lg-3&#8243;][cmsms_profile uniqid=&#8221;cmsms_shcd_621fb9f1c15614_32709436&#8243; image=&#8221;11253&#8243; title=&#8221;Yeliz Duran&#8221; subtitle=&#8221;Attorney at Law, LL.M&#8221; icons=&#8221;%5B%7B%7D%5D&#8221; text=&#8221;She is specialized in the field of Economic Law and has knowledge and experience in the fields of Contracts Law, Execution and Bankruptcy Law, IT Law and Commercial Law.&#8221; link=&#8221;url:https%3A%2F%2Fwww.solmazlaw.com%2Fen%2Fyeliz-duran%2F|title:Yeliz%20Duran||&#8221;][\/vc_column][vc_column width=&#8221;1\/3&#8243; css=&#8221;.vc_custom_1524144552767{margin-top: 0px !important;}&#8221; offset=&#8221;vc_col-lg-3&#8243;][cmsms_profile uniqid=&#8221;cmsms_shcd_61bb3e8d925b95_57252132&#8243; image=&#8221;9506&#8243; title=&#8221;Funda G\u00f6rg\u00fcl\u00fc Ergen\u00e7&#8221; subtitle=&#8221;Attorney at Law&#8221; icons=&#8221;%5B%7B%7D%5D&#8221; text=&#8221;She has a master&#8217;s degree in public law and has knowledge and experience in Administrative Law, Criminal Law, Personal Data Law, Contracts Law and Corporate Law.&#8221; link=&#8221;url:https%3A%2F%2Fwww.solmazlaw.com%2Fen%2Ffunda-gorgulu-ergenc%2F|title:Funda%20G%C3%B6rg%C3%BCl%C3%BC%20Ergen%C3%A7||&#8221;][\/vc_column][\/vc_row][vc_row css=&#8221;.vc_custom_1524144864864{margin-bottom: 40px !important;padding-top: 30px !important;padding-bottom: 0px !important;}&#8221;][vc_column css=&#8221;.vc_custom_1626527774543{margin-top: 35px !important;margin-bottom: 0px !important;border-right-width: 15px !important;padding-top: 40px !important;padding-right: 40px !important;padding-bottom: 40px !important;padding-left: 30px !important;border-right-color: #ffffff !important;border-right-style: solid !important;}&#8221; offset=&#8221;vc_col-lg-3 vc_col-md-12&#8243;][\/vc_column][vc_column width=&#8221;1\/3&#8243; css=&#8221;.vc_custom_1524144979781{margin-top: 0px !important;margin-bottom: 0px !important;}&#8221; offset=&#8221;vc_col-lg-3&#8243;][cmsms_profile uniqid=&#8221;cmsms_shcd_611bfbe961f536_45548073&#8243; image=&#8221;9830&#8243; title=&#8221;Halik Faruk Pekta\u015f&#8221; subtitle=&#8221;Attorney at Law&#8221; icons=&#8221;%5B%7B%7D%5D&#8221; text=&#8221;It carries out successful studies in the fields of Labor Law, Consumer Law, Criminal Law, Execution and Bankruptcy Law. He also has training experience in the field of Personal Data Protection Law.&#8221; link=&#8221;url:https%3A%2F%2Fwww.solmazlaw.com%2Fen%2Fhalil-faruk-pektas%2F|title:Funda%20G%C3%B6rg%C3%BCl%C3%BC%20Ergen%C3%A7||&#8221;][\/vc_column][vc_column width=&#8221;1\/3&#8243; css=&#8221;.vc_custom_1524144552767{margin-top: 0px !important;}&#8221; offset=&#8221;vc_col-lg-3&#8243;][cmsms_profile uniqid=&#8221;cmsms_shcd_6106a19a238c29_86704087&#8243; image=&#8221;9552&#8243; title=&#8221;Ay\u015fe Arslan&#8221; subtitle=&#8221;Assistant&#8221; icons=&#8221;%5B%7B%7D%5D&#8221; link=&#8221;url:https%3A%2F%2Fwww.solmazlaw.com%2Fen%2Fayse-arslan%2F|title:Ay%C5%9Fe%20Arslan||&#8221;][\/vc_column][\/vc_row][vc_row][vc_column][vc_custom_heading text=&#8221;Our Business Partners&#8221; use_theme_fonts=&#8221;yes&#8221;][vc_text_separator title=&#8221;&#8221;][vc_row_inner][vc_column_inner width=&#8221;1\/3&#8243;][cmsms_profile uniqid=&#8221;cmsms_shcd_6106a32a016bf9_73435432&#8243; title=&#8221;G\u00f6rkem Bora Taner&#8221; subtitle=&#8221;Attorney&#8221; icons=&#8221;%5B%7B%7D%5D&#8221; link=&#8221;|||&#8221;][\/vc_column_inner][vc_column_inner width=&#8221;1\/3&#8243;][cmsms_profile uniqid=&#8221;cmsms_shcd_6106a3309bdd58_64231860&#8243; title=&#8221;Mohamed Sultan SAEED ALQAYDI&#8221; icons=&#8221;%5B%7B%7D%5D&#8221; link=&#8221;|||&#8221;][\/vc_column_inner][vc_column_inner width=&#8221;1\/3&#8243;][cmsms_profile uniqid=&#8221;cmsms_shcd_6106a3366bcc99_58556309&#8243; title=&#8221;Dilshad SADIQ MAROUF&#8221; subtitle=&#8221;Attorney&#8221; icons=&#8221;%5B%7B%7D%5D&#8221; link=&#8221;|||&#8221;][\/vc_column_inner][\/vc_row_inner][\/vc_column][\/vc_row][vc_row][vc_column][vc_separator][\/vc_column][\/vc_row][vc_row full_width=&#8221;stretch_row&#8221; gap=&#8221;35&#8243; css=&#8221;.vc_custom_1517566740813{border-top-width: 0px !important;padding-top: 10px !important;padding-bottom: 60px !important;}&#8221;][vc_column width=&#8221;1\/4&#8243; css=&#8221;.vc_custom_1519640454772{padding-top: 35px !important;}&#8221;][vc_custom_heading text=&#8221;Get Informed&#8221; font_container=&#8221;tag:div|text_align:left&#8221; use_theme_fonts=&#8221;yes&#8221;][vc_custom_heading text=&#8221;Questions &amp; Answers&#8221; font_container=&#8221;tag:p|font_size:14|text_align:left&#8221; use_theme_fonts=&#8221;yes&#8221; css=&#8221;.vc_custom_1526454689624{margin-top: -14px !important;}&#8221;][vc_column_text css=&#8221;.vc_custom_1626533348863{padding-top: 5px !important;}&#8221;]Lawyers are trained legal professionals who can explain the laws to you; negotiate or mediate conflicts with other people; and represent you in court.<\/p>\n<ul>\n<li>Commercial and Corporate Law<\/li>\n<li>Foreign \u0130nvestment Law<\/li>\n<li>International Trade Law<\/li>\n<li>Land and Sea Trade<\/li>\n<li>Criminal Law<\/li>\n<li>Family and Inheritance Law<\/li>\n<li>Financial Law<\/li>\n<\/ul>\n[\/vc_column_text][\/vc_column][vc_column width=&#8221;3\/4&#8243; css=&#8221;.vc_custom_1517566749417{margin-right: 0px !important;margin-left: 0px !important;border-top-width: 1px !important;border-right-width: 1px !important;border-bottom-width: 1px !important;border-left-width: 1px !important;padding-top: 35px !important;padding-right: 35px !important;padding-bottom: 35px !important;padding-left: 35px !important;border-left-color: #dddddd !important;border-left-style: solid !important;border-right-color: #dddddd !important;border-right-style: solid !important;border-top-color: #dddddd !important;border-top-style: solid !important;border-bottom-color: #dddddd !important;border-bottom-style: solid !important;}&#8221;][vc_custom_heading text=&#8221;Request a Free Consultation&#8221; font_container=&#8221;tag:div|font_size:22|text_align:left&#8221; use_theme_fonts=&#8221;yes&#8221;]\n<div class=\"wpcf7 no-js\" id=\"wpcf7-f9409-o1\" lang=\"en-US\" dir=\"ltr\" data-wpcf7-id=\"9409\">\n<div class=\"screen-reader-response\"><p role=\"status\" aria-live=\"polite\" aria-atomic=\"true\"><\/p> <ul><\/ul><\/div>\n<form action=\"\/en\/wp-json\/wp\/v2\/pages\/8617#wpcf7-f9409-o1\" method=\"post\" class=\"wpcf7-form init\" aria-label=\"Contact form\" novalidate=\"novalidate\" data-status=\"init\">\n<fieldset class=\"hidden-fields-container\"><input type=\"hidden\" name=\"_wpcf7\" value=\"9409\" \/><input type=\"hidden\" name=\"_wpcf7_version\" value=\"6.1.4\" \/><input type=\"hidden\" name=\"_wpcf7_locale\" value=\"en_US\" \/><input type=\"hidden\" name=\"_wpcf7_unit_tag\" value=\"wpcf7-f9409-o1\" \/><input type=\"hidden\" name=\"_wpcf7_container_post\" value=\"0\" \/><input type=\"hidden\" name=\"_wpcf7_posted_data_hash\" value=\"\" \/>\n<\/fieldset>\n<p><label> <span class=\"wpcf7-form-control-wrap\" data-name=\"your-name\"><input size=\"40\" maxlength=\"400\" class=\"wpcf7-form-control wpcf7-text wpcf7-validates-as-required\" aria-required=\"true\" aria-invalid=\"false\" placeholder=\"Your Name*\" value=\"\" type=\"text\" name=\"your-name\" \/><\/span> <\/label>\n<\/p>\n<p><label> <span class=\"wpcf7-form-control-wrap\" data-name=\"your-email\"><input size=\"40\" maxlength=\"400\" class=\"wpcf7-form-control wpcf7-email wpcf7-validates-as-required wpcf7-text wpcf7-validates-as-email\" aria-required=\"true\" aria-invalid=\"false\" placeholder=\"Your e-mail*\" value=\"\" type=\"email\" name=\"your-email\" \/><\/span> <\/label>\n<\/p>\n<p><label> <span class=\"wpcf7-form-control-wrap\" data-name=\"your-message\"><textarea cols=\"40\" rows=\"10\" maxlength=\"2000\" class=\"wpcf7-form-control wpcf7-textarea\" aria-invalid=\"false\" placeholder=\"Your Message\" name=\"your-message\"><\/textarea><\/span> <\/label>\n<\/p>\n<p><span class=\"wpcf7-form-control-wrap\" data-name=\"acceptance-485\"><span class=\"wpcf7-form-control wpcf7-acceptance\"><span class=\"wpcf7-list-item\"><label><input type=\"checkbox\" name=\"acceptance-485\" value=\"1\" aria-invalid=\"false\" \/><span class=\"wpcf7-list-item-label\">I agree that my details from the contact form will be collected and processed to answer my request. More on <a href=\"https:\/\/www.solmazlaw.com\/en\/privacy-policy\/\" target=\"_blank\">Privacy Policy<\/a><\/span><\/label><\/span><\/span><\/span>\n<\/p>\n<p><input class=\"wpcf7-form-control wpcf7-submit has-spinner\" type=\"submit\" value=\"Send\" \/>\n<\/p><div class=\"wpcf7-response-output\" aria-hidden=\"true\"><\/div>\n<\/form>\n<\/div>\n[\/vc_column][\/vc_row][vc_row full_width=&#8221;stretch_row&#8221; bg_type=&#8221;bg_color&#8221; bg_override=&#8221;full&#8221; css=&#8221;.vc_custom_1517563454455{background-color: #1b1b1b !important;}&#8221; bg_color_value=&#8221;#1b1b1b&#8221;][vc_column width=&#8221;2\/3&#8243; offset=&#8221;vc_col-lg-9 vc_col-md-8&#8243;][vc_custom_heading text=&#8221;Looking for a First-Class Legal Consultant?&#8221; font_container=&#8221;tag:div|font_size:20|text_align:left|color:%23ffffff|line_height:34px&#8221; use_theme_fonts=&#8221;yes&#8221; css=&#8221;.vc_custom_1642763839397{padding-top: 10px !important;}&#8221;][\/vc_column][vc_column width=&#8221;1\/3&#8243; css=&#8221;.vc_custom_1525762282401{padding-top: 22px !important;padding-bottom: 18px !important;}&#8221; offset=&#8221;vc_col-lg-3 vc_col-md-4&#8243;][cmsms_button text=&#8221;FIND OUT MORE&#8221; icon_alignment=&#8221;right&#8221; uniqid=&#8221;cmsms_shcd_6106a3540f5355_83101968&#8243; text_settings=&#8221;true&#8221; add_icon=&#8221;true&#8221; icon=&#8221;Theme-Default-Icons-arrow-small-right&#8221; icon_size=&#8221;20&#8243; text_font_size=&#8221;12&#8243; css=&#8221;.vc_custom_1627824997698{padding-top: 15px !important;padding-bottom: 15px !important;}&#8221; link=&#8221;url:https%3A%2F%2Fwww.solmazlaw.com%2Fen%2Fabout-us%2F|title:About%20Us||&#8221; icon_gap=&#8221;3&#8243;][\/vc_column][\/vc_row]\n<\/section>","protected":false},"excerpt":{"rendered":"<p>[vc_row full_width=&#8221;stretch_row&#8221; parallax=&#8221;content-moving&#8221; parallax_image=&#8221;9131&#8243; css_animation=&#8221;none&#8221; parallax_content=&#8221;off&#8221; fadeout_row=&#8221;fadeout_row_value&#8221; fadeout_start_effect=&#8221;70&#8243; enable_overlay=&#8221;enable_overlay_value&#8221; overlay_color=&#8221;rgba(17,17,17,0.78)&#8221; seperator_enable=&#8221;off&#8221; css=&#8221;.vc_custom_1623521935386{margin-bottom: 0px !important;}&#8221;][vc_column][cmsms_icon_box icon=&#8221;Theme-Default-Icons-business-law&#8221; icon_position=&#8221;box_top_center&#8221; uniqid=&#8221;cmsms_shcd_5b471e338984a5_83353092&#8243; box_settings=&#8221;true&#8221; icon_size=&#8221;68&#8243; icon_padding=&#8221;10&#8243; icon_border=&#8221;0&#8243; icon_gap=&#8221;0&#8243; icon_color=&#8221;#ffffff&#8221; icon_bg_color=&#8221;rgba(10,10,10,0.01)&#8221; icon_bd_color=&#8221;rgba(10,10,10,0.01)&#8221; box_bg_color=&#8221;rgba(255,255,255,0.01)&#8221; box_bd_color=&#8221;rgba(0,0,0,0.01)&#8221; css=&#8221;.vc_custom_1531387451820{margin-top: 70px !important;margin-bottom: -5px !important;}&#8221;][vc_custom_heading text=&#8221;Qualified Legal Advisors&#8221; font_container=&#8221;tag:h1|text_align:center|color:%23ffffff&#8221; google_fonts=&#8221;font_family:Adamina%3Aregular|font_style:400%20regular%3A400%3Anormal&#8221;][vc_custom_heading text=&#8221;Attorney Team&#8221; font_container=&#8221;tag:h2|font_size:56|text_align:center|color:%23ffffff|line_height:74px&#8221; google_fonts=&#8221;font_family:Adamina%3Aregular|font_style:400%20regular%3A400%3Anormal&#8221; css=&#8221;.vc_custom_1519640258318{margin-top: 35px !important;margin-bottom: 48px !important;}&#8221;][vc_custom_heading text=&#8221;Civil rights law deals with the protections and liberties&#8230;<\/p>\n","protected":false},"author":1,"featured_media":0,"parent":0,"menu_order":0,"comment_status":"closed","ping_status":"closed","template":"","meta":{"_coblocks_attr":"","_coblocks_dimensions":"","_coblocks_responsive_height":"","_coblocks_accordion_ie_support":"","footnotes":""},"class_list":["post-8617","page","type-page","status-publish","hentry"],"_links":{"self":[{"href":"https:\/\/www.solmazlaw.com\/en\/wp-json\/wp\/v2\/pages\/8617","targetHints":{"allow":["GET"]}}],"collection":[{"href":"https:\/\/www.solmazlaw.com\/en\/wp-json\/wp\/v2\/pages"}],"about":[{"href":"https:\/\/www.solmazlaw.com\/en\/wp-json\/wp\/v2\/types\/page"}],"author":[{"embeddable":true,"href":"https:\/\/www.solmazlaw.com\/en\/wp-json\/wp\/v2\/users\/1"}],"replies":[{"embeddable":true,"href":"https:\/\/www.solmazlaw.com\/en\/wp-json\/wp\/v2\/comments?post=8617"}],"version-history":[{"count":0,"href":"https:\/\/www.solmazlaw.com\/en\/wp-json\/wp\/v2\/pages\/8617\/revisions"}],"wp:attachment":[{"href":"https:\/\/www.solmazlaw.com\/en\/wp-json\/wp\/v2\/media?parent=8617"}],"curies":[{"name":"wp","href":"https:\/\/api.w.org\/{rel}","templated":true}]}}