{"id":4035,"date":"2016-12-28T13:23:09","date_gmt":"2016-12-28T13:23:09","guid":{"rendered":"http:\/\/attorney-at-law.cmsmasters.net\/?page_id=4035"},"modified":"2023-12-25T15:49:12","modified_gmt":"2023-12-25T12:49:12","slug":"contact-us","status":"publish","type":"page","link":"https:\/\/www.solmazlaw.com\/en\/contact-us\/","title":{"rendered":"Contacts"},"content":{"rendered":"<section class=\"wpb-content-wrapper\"><style type=\"text\/css\" data-type=\"vc_cmsms_shortcodes-custom-css\"><\/style>[vc_row full_width=&#8221;stretch_row_content_no_spaces&#8221; css=&#8221;.vc_custom_1519121501343{margin-top: 0px !important;margin-right: 0px !important;margin-bottom: 0px !important;margin-left: 0px !important;border-top-width: 0px !important;border-right-width: 0px !important;border-bottom-width: 0px !important;border-left-width: 0px !important;padding-top: 0px !important;padding-right: 0px !important;padding-bottom: 0px !important;padding-left: 0px !important;border-left-style: none !important;border-right-style: none !important;border-top-style: none !important;border-bottom-style: none !important;}&#8221;][vc_column css=&#8221;.vc_custom_1519117916998{margin-top: 0px !important;margin-right: 0px !important;margin-bottom: 0px !important;margin-left: 0px !important;border-top-width: 0px !important;border-right-width: 0px !important;border-bottom-width: 0px !important;border-left-width: 0px !important;padding-top: 0px !important;padding-right: 0px !important;padding-bottom: 0px !important;padding-left: 0px !important;border-left-style: none !important;border-right-style: none !important;border-top-style: none !important;border-bottom-style: none !important;}&#8221;][vc_gmaps link=&#8221;#E-8_JTNDaWZyYW1lJTIwc3JjJTNEJTIyaHR0cHMlM0ElMkYlMkZ3d3cuZ29vZ2xlLmNvbSUyRm1hcHMlMkZlbWJlZCUzRnBiJTNEJTIxMW0xOCUyMTFtMTIlMjExbTMlMjExZDMwMTEuNDMwNTEwODE2MTc2JTIxMmQyOS4wNjI0NjY0NjU2ODQ0MDIlMjEzZDQwLjk5Mzk0OTQ3OTMwMjIxNiUyMTJtMyUyMTFmMCUyMTJmMCUyMTNmMCUyMTNtMiUyMTFpMTAyNCUyMTJpNzY4JTIxNGYxMy4xJTIxM20zJTIxMW0yJTIxMXMweDAlMjUzQTB4ZTJhOWE5M2EyMGQzZWNlJTIxMnNTb2xtYXolMjUyMExhdyUyNTIwJTI1MjYlMjUyMENvbnN1bHRhbmN5JTIxNWUwJTIxM20yJTIxMXN0ciUyMTJzdHIlMjE0djE2MjA4Mjc0OTQyNzklMjE1bTIlMjExc3RyJTIxMnN0ciUyMiUyMHdpZHRoJTNEJTIyMTkyMCUyMiUyMGhlaWdodCUzRCUyMjQwMCUyMiUyMGZyYW1lYm9yZGVyJTNEJTIyMCUyMiUyMHN0eWxlJTNEJTIyYm9yZGVyJTNBMCUyMiUyMGFsbG93ZnVsbHNjcmVlbiUzRSUzQyUyRmlmcmFtZSUzRQ==&#8221; size=&#8221;450&#8243; css=&#8221;.vc_custom_1620827543637{margin-top: 0px !important;margin-right: 0px !important;margin-bottom: 0px !important;margin-left: 0px !important;border-top-width: 0px !important;border-right-width: 0px !important;border-bottom-width: 0px !important;border-left-width: 0px !important;padding-top: 0px !important;padding-right: 0px !important;padding-bottom: 0px !important;padding-left: 0px !important;border-left-style: none !important;border-right-style: none !important;border-top-style: none !important;border-bottom-style: none !important;}&#8221;][\/vc_column][\/vc_row][vc_row css=&#8221;.vc_custom_1519121440370{margin-top: 10px !important;margin-bottom: 80px !important;}&#8221;][vc_column width=&#8221;1\/3&#8243; css=&#8221;.vc_custom_1519123513091{margin-top: -50px !important;margin-bottom: 20px !important;padding-top: 60px !important;padding-right: 40px !important;padding-bottom: 70px !important;padding-left: 40px !important;background: #cd291d url(http:\/\/www.solmazlaw.com\/wp-content\/uploads\/2016\/12\/home-element-1-2.jpg?id=3644) !important;}&#8221; offset=&#8221;vc_col-lg-3&#8243;][vc_custom_heading text=&#8221;Contact Info&#8221; font_container=&#8221;tag:h1|font_size:24|text_align:left|color:%23ffffff&#8221; use_theme_fonts=&#8221;yes&#8221;][cmsms_icon_box icon=&#8221;Theme-Default-Icons-globe-alt-2&#8243; subtitle_tag=&#8221;p&#8221; uniqid=&#8221;cmsms_shcd_63bfecbbbc1169_93049698&#8243; custom_typography=&#8221;true&#8221; box_settings=&#8221;true&#8221; subtitle=&#8221;www.solmazlaw.com&#8221; title_font_family=&#8221;font_family:|font_call:&#8221; link=&#8221;url:https%3A%2F%2Fwww.solmazlaw.com%2Fen%2F|title:Ana%20Sayfa&#8221; subtitle_color=&#8221;#ffffff&#8221; subtitle_color_hover=&#8221;rgba(255,255,255,0.7)&#8221; box_bg_color=&#8221;rgba(255,255,255,0.01)&#8221; box_bd_color=&#8221;rgba(255,255,255,0.01)&#8221; icon_size=&#8221;16&#8243; icon_padding=&#8221;10&#8243; icon_border=&#8221;0&#8243; icon_gap=&#8221;0&#8243; icon_color=&#8221;#ffffff&#8221; icon_color_hover=&#8221;rgba(255,255,255,0.7)&#8221; css=&#8221;.vc_custom_1673522388444{margin-top: 25px !important;margin-bottom: 0px !important;}&#8221;][cmsms_icon_box icon=&#8221;Theme-Default-Icons-mail-3&#8243; subtitle_tag=&#8221;p&#8221; uniqid=&#8221;cmsms_shcd_63bfecd5901882_08398184&#8243; custom_typography=&#8221;true&#8221; box_settings=&#8221;true&#8221; subtitle=&#8221;info@solmazlaw.com&#8221; title_font_family=&#8221;font_family:|font_call:&#8221; link=&#8221;url:mailto%3Ainfo%40solmazlaw.com|title:example.com&#8221; subtitle_color=&#8221;#ffffff&#8221; subtitle_color_hover=&#8221;rgba(255,255,255,0.7)&#8221; box_bg_color=&#8221;rgba(255,255,255,0.01)&#8221; box_bd_color=&#8221;rgba(255,255,255,0.01)&#8221; icon_size=&#8221;16&#8243; icon_padding=&#8221;10&#8243; icon_border=&#8221;0&#8243; icon_gap=&#8221;0&#8243; icon_color=&#8221;#ffffff&#8221; icon_color_hover=&#8221;rgba(255,255,255,0.7)&#8221; css=&#8221;.vc_custom_1673522400041{margin-top: 0px !important;margin-bottom: 0px !important;}&#8221;][cmsms_icon_box icon=&#8221;Theme-Default-Icons-phone-4&#8243; subtitle_tag=&#8221;p&#8221; uniqid=&#8221;cmsms_shcd_63bffb4487d920_90461350&#8243; custom_typography=&#8221;true&#8221; box_settings=&#8221;true&#8221; subtitle=&#8221;+90 216 504 18 70&#8243; title_font_family=&#8221;font_family:|font_call:&#8221; link=&#8221;url:tel%3A%2B90%20216%20504%2018%2070&#8243; subtitle_color=&#8221;#ffffff&#8221; box_bg_color=&#8221;rgba(255,255,255,0.01)&#8221; box_bd_color=&#8221;rgba(255,255,255,0.01)&#8221; icon_size=&#8221;16&#8243; icon_padding=&#8221;10&#8243; icon_border=&#8221;0&#8243; icon_gap=&#8221;0&#8243; icon_color=&#8221;#ffffff&#8221; css=&#8221;.vc_custom_1673526094317{margin-top: 0px !important;margin-bottom: 0px !important;}&#8221;][cmsms_icon_box icon=&#8221;Theme-Default-Icons-phone-4&#8243; subtitle_tag=&#8221;p&#8221; uniqid=&#8221;cmsms_shcd_65897a37970ef8_34044044&#8243; custom_typography=&#8221;true&#8221; box_settings=&#8221;true&#8221; subtitle=&#8221;+90 505 592 2428&#8243; title_font_family=&#8221;font_family:|font_call:&#8221; link=&#8221;url:tel%3A%2B90%20505%20592%202428&#8243; subtitle_color=&#8221;#ffffff&#8221; box_bg_color=&#8221;rgba(255,255,255,0.01)&#8221; box_bd_color=&#8221;rgba(255,255,255,0.01)&#8221; icon_size=&#8221;16&#8243; icon_padding=&#8221;10&#8243; icon_border=&#8221;0&#8243; icon_gap=&#8221;0&#8243; icon_color=&#8221;#ffffff&#8221; css=&#8221;.vc_custom_1703508551145{margin-top: 0px !important;margin-bottom: 0px !important;}&#8221;][cmsms_icon_box icon=&#8221;Theme-Default-Icons-location-3&#8243; subtitle_tag=&#8221;p&#8221; uniqid=&#8221;cmsms_shcd_63bffb0998e2b3_71924078&#8243; custom_typography=&#8221;true&#8221; box_settings=&#8221;true&#8221; subtitle=&#8221;Dumlup\u0131nar Neighb. G\u00fcm\u00fc\u015fdere \u00c7\u0131kmaz\u0131 Street Concord \u0130stanbul 2. Etap C Blok Kat:8 No:74 Kad\u0131k\u00f6y Istanbul Turkey&#8221; title_font_family=&#8221;font_family:|font_call:&#8221; link=&#8221;url:https%3A%2F%2Fgoo.gl%2Fmaps%2FT2MiFcTULM2GeY6b6|target:_blank&#8221; subtitle_color=&#8221;#ffffff&#8221; box_bg_color=&#8221;rgba(255,255,255,0.01)&#8221; box_bd_color=&#8221;rgba(255,255,255,0.01)&#8221; icon_size=&#8221;16&#8243; icon_padding=&#8221;10&#8243; icon_border=&#8221;0&#8243; icon_gap=&#8221;0&#8243; icon_color=&#8221;#ffffff&#8221; css=&#8221;.vc_custom_1673526042545{margin-top: 0px !important;margin-bottom: 0px !important;}&#8221;][\/vc_column][vc_column width=&#8221;2\/3&#8243; css=&#8221;.vc_custom_1519641697173{margin-top: 30px !important;border-top-width: 0px !important;padding-top: 0px !important;padding-right: 60px !important;padding-left: 60px !important;}&#8221; offset=&#8221;vc_col-lg-9&#8243;][vc_custom_heading text=&#8221;Get in Touch&#8221; font_container=&#8221;tag:h2|font_size:22px|text_align:left|line_height:30px&#8221; use_theme_fonts=&#8221;yes&#8221; css=&#8221;.vc_custom_1640002000065{padding-bottom: 0px !important;}&#8221;]\n<div class=\"wpcf7 no-js\" id=\"wpcf7-f9409-o1\" lang=\"en-US\" dir=\"ltr\" data-wpcf7-id=\"9409\">\n<div class=\"screen-reader-response\"><p role=\"status\" aria-live=\"polite\" aria-atomic=\"true\"><\/p> <ul><\/ul><\/div>\n<form action=\"\/en\/wp-json\/wp\/v2\/pages\/4035#wpcf7-f9409-o1\" method=\"post\" class=\"wpcf7-form init\" aria-label=\"Contact form\" novalidate=\"novalidate\" data-status=\"init\">\n<fieldset class=\"hidden-fields-container\"><input type=\"hidden\" name=\"_wpcf7\" value=\"9409\" \/><input type=\"hidden\" name=\"_wpcf7_version\" value=\"6.1.4\" \/><input type=\"hidden\" name=\"_wpcf7_locale\" value=\"en_US\" \/><input type=\"hidden\" name=\"_wpcf7_unit_tag\" value=\"wpcf7-f9409-o1\" \/><input type=\"hidden\" name=\"_wpcf7_container_post\" value=\"0\" \/><input type=\"hidden\" name=\"_wpcf7_posted_data_hash\" value=\"\" \/>\n<\/fieldset>\n<p><label> <span class=\"wpcf7-form-control-wrap\" data-name=\"your-name\"><input size=\"40\" maxlength=\"400\" class=\"wpcf7-form-control wpcf7-text wpcf7-validates-as-required\" aria-required=\"true\" aria-invalid=\"false\" placeholder=\"Your Name*\" value=\"\" type=\"text\" name=\"your-name\" \/><\/span> <\/label>\n<\/p>\n<p><label> <span class=\"wpcf7-form-control-wrap\" data-name=\"your-email\"><input size=\"40\" maxlength=\"400\" class=\"wpcf7-form-control wpcf7-email wpcf7-validates-as-required wpcf7-text wpcf7-validates-as-email\" aria-required=\"true\" aria-invalid=\"false\" placeholder=\"Your e-mail*\" value=\"\" type=\"email\" name=\"your-email\" \/><\/span> <\/label>\n<\/p>\n<p><label> <span class=\"wpcf7-form-control-wrap\" data-name=\"your-message\"><textarea cols=\"40\" rows=\"10\" maxlength=\"2000\" class=\"wpcf7-form-control wpcf7-textarea\" aria-invalid=\"false\" placeholder=\"Your Message\" name=\"your-message\"><\/textarea><\/span> <\/label>\n<\/p>\n<p><span class=\"wpcf7-form-control-wrap\" data-name=\"acceptance-485\"><span class=\"wpcf7-form-control wpcf7-acceptance\"><span class=\"wpcf7-list-item\"><label><input type=\"checkbox\" name=\"acceptance-485\" value=\"1\" aria-invalid=\"false\" \/><span class=\"wpcf7-list-item-label\">I agree that my details from the contact form will be collected and processed to answer my request. More on <a href=\"https:\/\/www.solmazlaw.com\/en\/privacy-policy\/\" target=\"_blank\">Privacy Policy<\/a><\/span><\/label><\/span><\/span><\/span>\n<\/p>\n<p><input class=\"wpcf7-form-control wpcf7-submit has-spinner\" type=\"submit\" value=\"Send\" \/>\n<\/p><div class=\"wpcf7-response-output\" aria-hidden=\"true\"><\/div>\n<\/form>\n<\/div>\n[\/vc_column][\/vc_row]\n<\/section>","protected":false},"excerpt":{"rendered":"<p>[vc_row full_width=&#8221;stretch_row_content_no_spaces&#8221; css=&#8221;.vc_custom_1519121501343{margin-top: 0px !important;margin-right: 0px !important;margin-bottom: 0px !important;margin-left: 0px !important;border-top-width: 0px !important;border-right-width: 0px !important;border-bottom-width: 0px !important;border-left-width: 0px !important;padding-top: 0px !important;padding-right: 0px !important;padding-bottom: 0px !important;padding-left: 0px !important;border-left-style: none !important;border-right-style: none !important;border-top-style: none !important;border-bottom-style: none !important;}&#8221;][vc_column css=&#8221;.vc_custom_1519117916998{margin-top: 0px !important;margin-right: 0px !important;margin-bottom: 0px !important;margin-left: 0px !important;border-top-width: 0px !important;border-right-width: 0px !important;border-bottom-width: 0px !important;border-left-width: 0px !important;padding-top: 0px !important;padding-right: 0px&#8230;<\/p>\n","protected":false},"author":1,"featured_media":0,"parent":0,"menu_order":0,"comment_status":"closed","ping_status":"closed","template":"","meta":{"_coblocks_attr":"","_coblocks_dimensions":"","_coblocks_responsive_height":"","_coblocks_accordion_ie_support":"","footnotes":""},"class_list":["post-4035","page","type-page","status-publish","hentry"],"_links":{"self":[{"href":"https:\/\/www.solmazlaw.com\/en\/wp-json\/wp\/v2\/pages\/4035","targetHints":{"allow":["GET"]}}],"collection":[{"href":"https:\/\/www.solmazlaw.com\/en\/wp-json\/wp\/v2\/pages"}],"about":[{"href":"https:\/\/www.solmazlaw.com\/en\/wp-json\/wp\/v2\/types\/page"}],"author":[{"embeddable":true,"href":"https:\/\/www.solmazlaw.com\/en\/wp-json\/wp\/v2\/users\/1"}],"replies":[{"embeddable":true,"href":"https:\/\/www.solmazlaw.com\/en\/wp-json\/wp\/v2\/comments?post=4035"}],"version-history":[{"count":1,"href":"https:\/\/www.solmazlaw.com\/en\/wp-json\/wp\/v2\/pages\/4035\/revisions"}],"predecessor-version":[{"id":13407,"href":"https:\/\/www.solmazlaw.com\/en\/wp-json\/wp\/v2\/pages\/4035\/revisions\/13407"}],"wp:attachment":[{"href":"https:\/\/www.solmazlaw.com\/en\/wp-json\/wp\/v2\/media?parent=4035"}],"curies":[{"name":"wp","href":"https:\/\/api.w.org\/{rel}","templated":true}]}}