{"id":2447,"date":"2016-12-09T13:20:11","date_gmt":"2016-12-09T13:20:11","guid":{"rendered":"http:\/\/attorney-at-law.cmsmasters.net\/?page_id=2447"},"modified":"2022-01-21T15:06:39","modified_gmt":"2022-01-21T12:06:39","slug":"practice-areas","status":"publish","type":"page","link":"https:\/\/www.solmazlaw.com\/en\/practice-areas\/","title":{"rendered":"Practice Areas"},"content":{"rendered":"<section class=\"wpb-content-wrapper\"><style type=\"text\/css\" data-type=\"vc_cmsms_shortcodes-custom-css\"><\/style>[vc_row full_width=&#8221;stretch_row&#8221; css_animation=&#8221;none&#8221; parallax_content=&#8221;off&#8221; seperator_enable=&#8221;off&#8221; css=&#8221;.vc_custom_1624814701543{background-image: url(http:\/\/www.solmazlaw.com\/wp-content\/uploads\/2021\/06\/Practice-Areas-2.jpg?id=9183) !important;background-position: center !important;background-repeat: no-repeat !important;background-size: cover !important;}&#8221;][vc_column][cmsms_icon_box icon=&#8221;Theme-Default-Icons-international-law&#8221; icon_position=&#8221;box_top_center&#8221; uniqid=&#8221;cmsms_shcd_5b471deb9a16f6_46721347&#8243; box_settings=&#8221;true&#8221; icon_size=&#8221;72&#8243; icon_color=&#8221;#ffffff&#8221; icon_bg_color=&#8221;rgba(0,0,0,0.01)&#8221; icon_bd_color=&#8221;rgba(0,0,0,0.01)&#8221; box_bg_color=&#8221;rgba(0,0,0,0.01)&#8221; box_bd_color=&#8221;rgba(0,0,0,0.01)&#8221; icon_padding=&#8221;0&#8243; icon_border=&#8221;0&#8243; icon_gap=&#8221;0&#8243; css=&#8221;.vc_custom_1531387377878{margin-top: 70px !important;margin-bottom: 0px !important;}&#8221;][vc_custom_heading text=&#8221;Solmaz&#8221; font_container=&#8221;tag:h1|font_size:22|text_align:center|color:%23ffffff&#8221; google_fonts=&#8221;font_family:Adamina%3Aregular|font_style:400%20regular%3A400%3Anormal&#8221; css=&#8221;.vc_custom_1642505100581{margin-top: 0px !important;}&#8221;][vc_custom_heading text=&#8221;Practice Areas&#8221; font_container=&#8221;tag:h2|font_size:56|text_align:center|color:%23ffffff|line_height:70px&#8221; google_fonts=&#8221;font_family:Adamina%3Aregular|font_style:400%20regular%3A400%3Anormal&#8221; css=&#8221;.vc_custom_1642505104413{margin-top: 13px !important;margin-bottom: 30px !important;}&#8221;][vc_custom_heading text=&#8221;As Solmaz Law &amp; Consultancy, we continue to offer you solutions in legal issues with our effective communication skills and expert staff.&#8221; font_container=&#8221;tag:h3|font_size:16|text_align:center|color:rgba(255%2C255%2C255%2C0.85)&#8221; use_theme_fonts=&#8221;yes&#8221; css=&#8221;.vc_custom_1642505108357{margin-bottom: 130px !important;}&#8221;][\/vc_column][\/vc_row][vc_row css=&#8221;.vc_custom_1505398444062{margin-top: 50px !important;padding-bottom: 0px !important;}&#8221;][vc_column][vc_basic_grid post_type=&#8221;project&#8221; max_items=&#8221;-1&#8243; element_width=&#8221;3&#8243; gap=&#8221;20&#8243; orderby=&#8221;title&#8221; order=&#8221;ASC&#8221; item=&#8221;4299&#8243; grid_id=&#8221;vc_gid:1642766782194-788011d9-cd24-3&#8243;][\/vc_column][\/vc_row][vc_row full_width=&#8221;stretch_row&#8221; gap=&#8221;30&#8243; enable_overlay=&#8221;enable_overlay_value&#8221; overlay_color=&#8221;rgba(0,0,0,0.39)&#8221; overlay_pattern=&#8221;09.png&#8221; overlay_pattern_opacity=&#8221;0.8&#8243; overlay_pattern_size=&#8221;0.9&#8243; seperator_enable=&#8221;seperator_enable_value&#8221; seperator_type=&#8221;xlarge_triangle_seperator&#8221; seperator_position=&#8221;bottom_seperator&#8221; seperator_svg_height=&#8221;60&#8243; seperator_shape_background=&#8221;#ffffff&#8221; css=&#8221;.vc_custom_1517568107566{margin-top: 30px !important;margin-bottom: 60px !important;border-top-width: 1px !important;border-bottom-width: 1px !important;padding-top: 30px !important;padding-bottom: 70px !important;background-color: #fbfbfb !important;border-top-color: #dddddd !important;border-top-style: solid !important;border-bottom-color: #dddddd !important;border-bottom-style: solid !important;}&#8221;][vc_column width=&#8221;1\/3&#8243; css=&#8221;.vc_custom_1517573645575{padding-top: 35px !important;padding-right: 30px !important;}&#8221;][vc_custom_heading text=&#8221;Our Services&#8221; font_container=&#8221;tag:h2|font_size:16px|text_align:left|color:%230a0a0a|line_height:20px&#8221; use_theme_fonts=&#8221;yes&#8221; css=&#8221;.vc_custom_1640002138865{margin-top: 20px !important;margin-bottom: 15px !important;}&#8221;][vc_custom_heading text=&#8221;Delivering Personal Service by Teamwork&#8221; font_container=&#8221;tag:h2|font_size:26px|text_align:left|line_height:36px&#8221; google_fonts=&#8221;font_family:Adamina%3Aregular|font_style:400%20regular%3A400%3Anormal&#8221; css=&#8221;.vc_custom_1640002136929{margin-top: 0px !important;}&#8221;][vc_column_text]Current and qual\u0131ty serv\u0131ce follow\u0131ng the developments \u0131n bus\u0131ness world and law closely.[\/vc_column_text][\/vc_column][vc_column width=&#8221;1\/3&#8243;][vc_hoverbox image=&#8221;9090&#8243; primary_title=&#8221;&#8221; hover_title=&#8221;Commercial and Corporate Law&#8221; shape=&#8221;square&#8221;]Our law firm provides advocacy and consultancy services in many areas within the scope of Commercial and Corporate Law.[\/vc_hoverbox][\/vc_column][vc_column width=&#8221;1\/3&#8243;][vc_hoverbox image=&#8221;9420&#8243; primary_title=&#8221;&#8221; hover_title=&#8221;Legal Solutions&#8221; shape=&#8221;square&#8221;]Effective solutions to your legal problems with its young, dynamic and successful staff[\/vc_hoverbox][\/vc_column][\/vc_row][vc_row css=&#8221;.vc_custom_1481546899244{padding-top: 10px !important;padding-bottom: 10px !important;}&#8221;][vc_column][vc_column_text]\n<h3>Frequently Asked Questions<\/h3>\n[\/vc_column_text][vc_tta_accordion active_section=&#8221;1&#8243;][vc_tta_section title=&#8221;Do I need to make an appointment?&#8221; tab_id=&#8221;1479722675980-e76b9b9c-f14f09ec-709aeece-8226&#8243;][vc_column_text]You can reach us from our contact addresses to request a meeting with our lawyers. Your appointment will be made as soon as possible and you will be informed about the subject. Making an appointment before you come to our office will reduce your waiting time and increase the efficiency of your appointment.[\/vc_column_text][\/vc_tta_section][vc_tta_section title=&#8221;How is the power of attorney issued?&#8221; tab_id=&#8221;1479722676104-ab8483d4-e7dc09ec-709aeece-8226&#8243;][vc_column_text]You can apply to the nearest notary public with your identity card or passport to issue a power of attorney for your lawyer. In order to issue a power of attorney from abroad, you must apply to the Turkish Consulates.[\/vc_column_text][\/vc_tta_section][vc_tta_section title=&#8221;Can I choose my lawyer?&#8221; tab_id=&#8221;1479723362691-739d2d19-164909ec-709aeece-8226&#8243;][vc_column_text]You can choose the lawyer you want to receive information or legal services regarding your legal relations or disputes you are a party to. You can get information and advice from our office about the areas of expertise of our teammates.[\/vc_column_text][\/vc_tta_section][vc_tta_section title=&#8221;Do I have to attend the hearing and other proceedings in person?&#8221; tab_id=&#8221;1479723605068-2a164d2e-7f5309ec-709aeece-8226&#8243;][vc_column_text]Since we represent you by proxy in the files you attend as a plaintiff or a defendant, you are not obliged to attend the hearings. Our lawyers will meticulously take all necessary actions on your behalf to defend your rights. However, you may need to take statements, make inquiries, or be present in person in personal matters such as criminal files. In addition, you can accompany your lawyer in every transaction and hearing you desire.[\/vc_column_text][\/vc_tta_section][\/vc_tta_accordion][\/vc_column][\/vc_row][vc_row css=&#8221;.vc_custom_1519116651367{margin-bottom: 80px !important;border-top-width: 1px !important;border-right-width: 1px !important;border-bottom-width: 1px !important;border-left-width: 1px !important;padding-top: 50px !important;padding-right: 30px !important;padding-bottom: 60px !important;padding-left: 30px !important;background-color: #fcfcfc !important;border-left-color: #dddddd !important;border-left-style: solid !important;border-right-color: #dddddd !important;border-right-style: solid !important;border-top-color: #dddddd !important;border-top-style: solid !important;border-bottom-color: #dddddd !important;border-bottom-style: solid !important;}&#8221;][vc_column]\n<div class=\"wpcf7 no-js\" id=\"wpcf7-f9409-o1\" lang=\"en-US\" dir=\"ltr\" data-wpcf7-id=\"9409\">\n<div class=\"screen-reader-response\"><p role=\"status\" aria-live=\"polite\" aria-atomic=\"true\"><\/p> <ul><\/ul><\/div>\n<form action=\"\/en\/wp-json\/wp\/v2\/pages\/2447#wpcf7-f9409-o1\" method=\"post\" class=\"wpcf7-form init\" aria-label=\"Contact form\" novalidate=\"novalidate\" data-status=\"init\">\n<fieldset class=\"hidden-fields-container\"><input type=\"hidden\" name=\"_wpcf7\" value=\"9409\" \/><input type=\"hidden\" name=\"_wpcf7_version\" value=\"6.1.4\" \/><input type=\"hidden\" name=\"_wpcf7_locale\" value=\"en_US\" \/><input type=\"hidden\" name=\"_wpcf7_unit_tag\" value=\"wpcf7-f9409-o1\" \/><input type=\"hidden\" name=\"_wpcf7_container_post\" value=\"0\" \/><input type=\"hidden\" name=\"_wpcf7_posted_data_hash\" value=\"\" \/>\n<\/fieldset>\n<p><label> <span class=\"wpcf7-form-control-wrap\" data-name=\"your-name\"><input size=\"40\" maxlength=\"400\" class=\"wpcf7-form-control wpcf7-text wpcf7-validates-as-required\" aria-required=\"true\" aria-invalid=\"false\" placeholder=\"Your Name*\" value=\"\" type=\"text\" name=\"your-name\" \/><\/span> <\/label>\n<\/p>\n<p><label> <span class=\"wpcf7-form-control-wrap\" data-name=\"your-email\"><input size=\"40\" maxlength=\"400\" class=\"wpcf7-form-control wpcf7-email wpcf7-validates-as-required wpcf7-text wpcf7-validates-as-email\" aria-required=\"true\" aria-invalid=\"false\" placeholder=\"Your e-mail*\" value=\"\" type=\"email\" name=\"your-email\" \/><\/span> <\/label>\n<\/p>\n<p><label> <span class=\"wpcf7-form-control-wrap\" data-name=\"your-message\"><textarea cols=\"40\" rows=\"10\" maxlength=\"2000\" class=\"wpcf7-form-control wpcf7-textarea\" aria-invalid=\"false\" placeholder=\"Your Message\" name=\"your-message\"><\/textarea><\/span> <\/label>\n<\/p>\n<p><span class=\"wpcf7-form-control-wrap\" data-name=\"acceptance-485\"><span class=\"wpcf7-form-control wpcf7-acceptance\"><span class=\"wpcf7-list-item\"><label><input type=\"checkbox\" name=\"acceptance-485\" value=\"1\" aria-invalid=\"false\" \/><span class=\"wpcf7-list-item-label\">I agree that my details from the contact form will be collected and processed to answer my request. More on <a href=\"https:\/\/www.solmazlaw.com\/en\/privacy-policy\/\" target=\"_blank\">Privacy Policy<\/a><\/span><\/label><\/span><\/span><\/span>\n<\/p>\n<p><input class=\"wpcf7-form-control wpcf7-submit has-spinner\" type=\"submit\" value=\"Send\" \/>\n<\/p><div class=\"wpcf7-response-output\" aria-hidden=\"true\"><\/div>\n<\/form>\n<\/div>\n[vc_custom_heading text=&#8221;Call us +90 216 504 1870 \/ +90 555 197 24 28 or fill in the contact form&#8221; font_container=&#8221;tag:h3|text_align:center&#8221; use_theme_fonts=&#8221;yes&#8221; css=&#8221;.vc_custom_1640002157649{margin-bottom: 25px !important;}&#8221;][\/vc_column][\/vc_row]\n<\/section>","protected":false},"excerpt":{"rendered":"<p>[vc_row full_width=&#8221;stretch_row&#8221; css_animation=&#8221;none&#8221; parallax_content=&#8221;off&#8221; seperator_enable=&#8221;off&#8221; css=&#8221;.vc_custom_1624814701543{background-image: url(http:\/\/www.solmazlaw.com\/wp-content\/uploads\/2021\/06\/Practice-Areas-2.jpg?id=9183) !important;background-position: center !important;background-repeat: no-repeat !important;background-size: cover !important;}&#8221;][vc_column][cmsms_icon_box icon=&#8221;Theme-Default-Icons-international-law&#8221; icon_position=&#8221;box_top_center&#8221; uniqid=&#8221;cmsms_shcd_5b471deb9a16f6_46721347&#8243; box_settings=&#8221;true&#8221; icon_size=&#8221;72&#8243; icon_color=&#8221;#ffffff&#8221; icon_bg_color=&#8221;rgba(0,0,0,0.01)&#8221; icon_bd_color=&#8221;rgba(0,0,0,0.01)&#8221; box_bg_color=&#8221;rgba(0,0,0,0.01)&#8221; box_bd_color=&#8221;rgba(0,0,0,0.01)&#8221; icon_padding=&#8221;0&#8243; icon_border=&#8221;0&#8243; icon_gap=&#8221;0&#8243; css=&#8221;.vc_custom_1531387377878{margin-top: 70px !important;margin-bottom: 0px !important;}&#8221;][vc_custom_heading text=&#8221;Solmaz&#8221; font_container=&#8221;tag:h1|font_size:22|text_align:center|color:%23ffffff&#8221; google_fonts=&#8221;font_family:Adamina%3Aregular|font_style:400%20regular%3A400%3Anormal&#8221; css=&#8221;.vc_custom_1642505100581{margin-top: 0px !important;}&#8221;][vc_custom_heading text=&#8221;Practice Areas&#8221; font_container=&#8221;tag:h2|font_size:56|text_align:center|color:%23ffffff|line_height:70px&#8221; google_fonts=&#8221;font_family:Adamina%3Aregular|font_style:400%20regular%3A400%3Anormal&#8221; css=&#8221;.vc_custom_1642505104413{margin-top: 13px !important;margin-bottom: 30px !important;}&#8221;][vc_custom_heading text=&#8221;As Solmaz Law &amp; Consultancy, we continue to&#8230;<\/p>\n","protected":false},"author":1,"featured_media":0,"parent":0,"menu_order":0,"comment_status":"closed","ping_status":"closed","template":"","meta":{"_coblocks_attr":"","_coblocks_dimensions":"","_coblocks_responsive_height":"","_coblocks_accordion_ie_support":"","footnotes":""},"class_list":["post-2447","page","type-page","status-publish","hentry"],"_links":{"self":[{"href":"https:\/\/www.solmazlaw.com\/en\/wp-json\/wp\/v2\/pages\/2447","targetHints":{"allow":["GET"]}}],"collection":[{"href":"https:\/\/www.solmazlaw.com\/en\/wp-json\/wp\/v2\/pages"}],"about":[{"href":"https:\/\/www.solmazlaw.com\/en\/wp-json\/wp\/v2\/types\/page"}],"author":[{"embeddable":true,"href":"https:\/\/www.solmazlaw.com\/en\/wp-json\/wp\/v2\/users\/1"}],"replies":[{"embeddable":true,"href":"https:\/\/www.solmazlaw.com\/en\/wp-json\/wp\/v2\/comments?post=2447"}],"version-history":[{"count":0,"href":"https:\/\/www.solmazlaw.com\/en\/wp-json\/wp\/v2\/pages\/2447\/revisions"}],"wp:attachment":[{"href":"https:\/\/www.solmazlaw.com\/en\/wp-json\/wp\/v2\/media?parent=2447"}],"curies":[{"name":"wp","href":"https:\/\/api.w.org\/{rel}","templated":true}]}}